{"id":1075,"date":"2019-11-04T11:44:44","date_gmt":"2019-11-04T11:44:44","guid":{"rendered":"https:\/\/www.winteh.si\/kolofon\/"},"modified":"2023-04-12T13:31:58","modified_gmt":"2023-04-12T12:31:58","slug":"kolofon","status":"publish","type":"page","link":"https:\/\/legal.winteh.si\/en\/kolofon\/","title":{"rendered":"Kolofon"},"content":{"rendered":"<div class=\"section\" data-id=\"pvdyzb\" data-type=\"section\">\n<div class=\"container\" data-id=\"pog9ma\" data-type=\"container\">\n<div class=\"row\" data-id=\"pavf77\" data-type=\"row\">\n<div class=\"col\" data-id=\"pbmxpp\" data-type=\"column\">\n<div class=\"element\" data-id=\"pmvwg1\" data-type=\"heading\">\n<style id=\"pmvwg1\">[data-id=\"pmvwg1\"] .pagex-heading {font-weight:200}<\/style>\n<div class=\"element-wrap\">\n<div class=\"pagex-heading pagex-lang-str\" contenteditable=\"true\"><strong>Uredni\u0161tvo<\/strong>Spletne vsebine, ki so pred vami, so pripravili \u010dlani podjetja WINteh, ki so strokovnjaki na podro\u010dju stavbnega pohi\u0161tva in razvoja aplikacij. <br \/>Glavni urednik: WINTEH razvoj aplikacij in svetovanje d.o.o. <\/p>\n<p><strong>Direktor:<\/strong> Angel Katarov <\/p>\n<p>Tr\u017ea\u0161ka cesta 87A <br \/>6230 Postojna <br \/>Slovenija (EU) <\/p>\n<p><strong>Dav\u010dna \u0161tevilka:<\/strong> 76272354 <\/p>\n<p><strong>Mati\u010dna \u0161tevilka:<\/strong> 7239190000 <\/p>\n<p><strong>Elektronska po\u0161ta:<\/strong> kontakt@winteh.si <\/p>\n<p><strong>Datum objave spletne strani:<\/strong>&nbsp;25. 02. 2020 <\/p>\n<p><strong>Izvajalec, oblikovanje in vzdr\u017eevanje:<\/strong> NORLIGA DEVELOPMENT DOOEL <\/p>\n<p><strong>Priprava besedil:<\/strong> NORLIGA DEVELOPMENT DOOEL in WINTEH razvoj aplikacij in svetovanje d.o.o. <\/p>\n<p>Vse pravice pridr\u017eane. <br \/>Kopiranje in ponatis vsebine sta dovoljena le s pisnim soglasjem izdajatelja.  <\/div>\n<\/div>\n<\/div>\n<\/div>\n<\/div>\n<\/div>\n<\/div>\n","protected":false},"excerpt":{"rendered":"","protected":false},"author":4,"featured_media":0,"parent":0,"menu_order":0,"comment_status":"closed","ping_status":"closed","template":"","meta":{"footnotes":""},"class_list":["post-1075","page","type-page","status-publish","hentry"],"_links":{"self":[{"href":"https:\/\/legal.winteh.si\/en\/wp-json\/wp\/v2\/pages\/1075","targetHints":{"allow":["GET"]}}],"collection":[{"href":"https:\/\/legal.winteh.si\/en\/wp-json\/wp\/v2\/pages"}],"about":[{"href":"https:\/\/legal.winteh.si\/en\/wp-json\/wp\/v2\/types\/page"}],"author":[{"embeddable":true,"href":"https:\/\/legal.winteh.si\/en\/wp-json\/wp\/v2\/users\/4"}],"replies":[{"embeddable":true,"href":"https:\/\/legal.winteh.si\/en\/wp-json\/wp\/v2\/comments?post=1075"}],"version-history":[{"count":5,"href":"https:\/\/legal.winteh.si\/en\/wp-json\/wp\/v2\/pages\/1075\/revisions"}],"predecessor-version":[{"id":1640,"href":"https:\/\/legal.winteh.si\/en\/wp-json\/wp\/v2\/pages\/1075\/revisions\/1640"}],"wp:attachment":[{"href":"https:\/\/legal.winteh.si\/en\/wp-json\/wp\/v2\/media?parent=1075"}],"curies":[{"name":"wp","href":"https:\/\/api.w.org\/{rel}","templated":true}]}}